{"id":3393,"date":"2020-09-16T17:10:47","date_gmt":"2020-09-17T00:10:47","guid":{"rendered":"https:\/\/robertschrammconsulting.com\/?post_type=product&#038;p=3393"},"modified":"2020-09-23T20:03:25","modified_gmt":"2020-09-24T03:03:25","slug":"robert-schramm-online-coach-teachers-t4-1-hour-of-question-and-answer-open-coaching-support","status":"publish","type":"product","link":"https:\/\/robertschrammconsulting.com\/es\/service\/robert-schramm-online-coach-teachers-t4-1-hour-of-question-and-answer-open-coaching-support\/","title":{"rendered":"Entrenador en l\u00ednea de Robert Schramm: Maestros (T4) - 1 hora de preguntas y respuestas, apoyo de entrenamiento abierto"},"content":{"rendered":"<p><strong>COACHING EN VIVO<\/strong> - La sesi\u00f3n de coaching se programar\u00e1 al momento de la compra e incluir\u00e1 1 hora de servicio directo con nuestro miembro del equipo. Los maestros que asistan deben planear tener 1 hora ininterrumpida disponible para participar y cualquier persona que trabaje con un ni\u00f1o puede estar en el sal\u00f3n con usted durante la sesi\u00f3n sin costo adicional.<\/p>","protected":false},"excerpt":{"rendered":"<p>Esta sesi\u00f3n le ofrece 1 hora de preguntas y respuestas abiertas con un miembro del equipo y puede usarse para discutir cualquier tema relacionado con Los 7 pasos, an\u00e1lisis de comportamiento, recomendaciones de ense\u00f1anza o sus problemas actuales en el aula. Las sesiones individuales ofrecen una oportunidad \u00fanica para obtener ejemplos personalizados y obtener respuestas a sus preguntas de inmediato durante todo el proceso. Se pueden comprar y programar varias sesiones juntas para crear una duraci\u00f3n de sesi\u00f3n de su elecci\u00f3n. <strong>Los participantes recibir\u00e1n un correo electr\u00f3nico o un documento escrito que resumir\u00e1 los temas de la sesi\u00f3n de coaching.<\/strong> Tenga en cuenta que todo el tiempo directo juntos y cualquier tiempo adicional utilizado para crear materiales escritos basados en los resultados de la sesi\u00f3n de coaching est\u00e1 incluido en el precio establecido.<\/p>\n<p>* no asociado con ning\u00fan curso bajo demanda<\/p>","protected":false},"featured_media":2122,"template":"","meta":{"_acf_changed":false,"_seopress_robots_primary_cat":"none","_seopress_titles_title":"","_seopress_titles_desc":"","_seopress_robots_index":"","site-sidebar-layout":"default","site-content-layout":"default","ast-site-content-layout":"default","site-content-style":"default","site-sidebar-style":"default","ast-global-header-display":"","ast-banner-title-visibility":"","ast-main-header-display":"","ast-hfb-above-header-display":"","ast-hfb-below-header-display":"","ast-hfb-mobile-header-display":"","site-post-title":"","ast-breadcrumbs-content":"","ast-featured-img":"","footer-sml-layout":"","ast-disable-related-posts":"","theme-transparent-header-meta":"default","adv-header-id-meta":"","stick-header-meta":"default","header-above-stick-meta":"","header-main-stick-meta":"","header-below-stick-meta":"","astra-migrate-meta-layouts":"default","ast-page-background-enabled":"default","ast-page-background-meta":{"desktop":{"background-color":"","background-image":"","background-repeat":"repeat","background-position":"center center","background-size":"auto","background-attachment":"scroll","background-type":"","background-media":"","overlay-type":"","overlay-color":"","overlay-opacity":"","overlay-gradient":""},"tablet":{"background-color":"","background-image":"","background-repeat":"repeat","background-position":"center center","background-size":"auto","background-attachment":"scroll","background-type":"","background-media":"","overlay-type":"","overlay-color":"","overlay-opacity":"","overlay-gradient":""},"mobile":{"background-color":"","background-image":"","background-repeat":"repeat","background-position":"center center","background-size":"auto","background-attachment":"scroll","background-type":"","background-media":"","overlay-type":"","overlay-color":"","overlay-opacity":"","overlay-gradient":""}},"ast-content-background-meta":{"desktop":{"background-color":"var(--ast-global-color-5)","background-image":"","background-repeat":"repeat","background-position":"center center","background-size":"auto","background-attachment":"scroll","background-type":"","background-media":"","overlay-type":"","overlay-color":"","overlay-opacity":"","overlay-gradient":""},"tablet":{"background-color":"var(--ast-global-color-5)","background-image":"","background-repeat":"repeat","background-position":"center center","background-size":"auto","background-attachment":"scroll","background-type":"","background-media":"","overlay-type":"","overlay-color":"","overlay-opacity":"","overlay-gradient":""},"mobile":{"background-color":"var(--ast-global-color-5)","background-image":"","background-repeat":"repeat","background-position":"center center","background-size":"auto","background-attachment":"scroll","background-type":"","background-media":"","overlay-type":"","overlay-color":"","overlay-opacity":"","overlay-gradient":""}}},"product_brand":[],"product_cat":[47,44,21,20,45,48,120,110],"product_tag":[160,161],"class_list":{"0":"post-3393","1":"product","2":"type-product","3":"status-publish","4":"has-post-thumbnail","6":"product_cat-coach","7":"product_cat-coaching","8":"product_cat-english","9":"product_cat-language","10":"product_cat-online","11":"product_cat-robert-schramm","12":"product_cat-t4","13":"product_cat-teachers","14":"product_tag-t4english","15":"product_tag-t4german","16":"yith_shop_vendor-robert-schramm","17":"desktop-align-left","18":"tablet-align-left","19":"mobile-align-left","20":"ast-product-gallery-layout-vertical","21":"ast-product-gallery-with-no-image","22":"ast-magnify-disabled","23":"ast-product-tabs-layout-horizontal","25":"first","26":"instock","27":"virtual","28":"sold-individually","29":"purchasable","30":"product-type-simple"},"acf":[],"_links":{"self":[{"href":"https:\/\/robertschrammconsulting.com\/es\/wp-json\/wp\/v2\/product\/3393","targetHints":{"allow":["GET"]}}],"collection":[{"href":"https:\/\/robertschrammconsulting.com\/es\/wp-json\/wp\/v2\/product"}],"about":[{"href":"https:\/\/robertschrammconsulting.com\/es\/wp-json\/wp\/v2\/types\/product"}],"version-history":[{"count":3,"href":"https:\/\/robertschrammconsulting.com\/es\/wp-json\/wp\/v2\/product\/3393\/revisions"}],"predecessor-version":[{"id":3977,"href":"https:\/\/robertschrammconsulting.com\/es\/wp-json\/wp\/v2\/product\/3393\/revisions\/3977"}],"wp:featuredmedia":[{"embeddable":true,"href":"https:\/\/robertschrammconsulting.com\/es\/wp-json\/wp\/v2\/media\/2122"}],"wp:attachment":[{"href":"https:\/\/robertschrammconsulting.com\/es\/wp-json\/wp\/v2\/media?parent=3393"}],"wp:term":[{"taxonomy":"product_brand","embeddable":true,"href":"https:\/\/robertschrammconsulting.com\/es\/wp-json\/wp\/v2\/product_brand?post=3393"},{"taxonomy":"product_cat","embeddable":true,"href":"https:\/\/robertschrammconsulting.com\/es\/wp-json\/wp\/v2\/product_cat?post=3393"},{"taxonomy":"product_tag","embeddable":true,"href":"https:\/\/robertschrammconsulting.com\/es\/wp-json\/wp\/v2\/product_tag?post=3393"}],"curies":[{"name":"wp","href":"https:\/\/api.w.org\/{rel}","templated":true}]}}