{"id":3258,"date":"2020-09-14T15:11:51","date_gmt":"2020-09-14T22:11:51","guid":{"rendered":"https:\/\/robertschrammconsulting.com\/?post_type=product&#038;p=3258"},"modified":"2020-09-17T10:17:22","modified_gmt":"2020-09-17T17:17:22","slug":"in-person-consulting-teachers","status":"publish","type":"product","link":"https:\/\/robertschrammconsulting.com\/es\/service\/in-person-consulting-teachers\/","title":{"rendered":"Consultor\u00eda en persona: profesores"},"content":{"rendered":"","protected":false},"excerpt":{"rendered":"<p>Cuando un maestro quiere que uno de los miembros de nuestro equipo entre en su sal\u00f3n de clases y lo ayude a organizar y dise\u00f1ar un aula o un plan de comportamiento individual, \u00a1estaremos m\u00e1s que felices de ayudar! La consulta en persona puede realizarse en un d\u00eda completo (6 horas de instrucci\u00f3n en persona) o medio d\u00eda (3 horas de instrucci\u00f3n en persona). Todos los costos de viaje y el tiempo de viaje son responsabilidad del cliente determinado por las tarifas de tiempo de viaje y consultor\u00eda en persona de nuestro miembro del equipo. <\/p>\n<div id='ndrsl-5f5febf4b2f66d1d0d87188c' class='ndrsl-widget'><\/div>","protected":false},"featured_media":3774,"template":"","meta":{"_acf_changed":false,"_seopress_robots_primary_cat":"none","_seopress_titles_title":"","_seopress_titles_desc":"","_seopress_robots_index":"","site-sidebar-layout":"default","site-content-layout":"default","ast-site-content-layout":"default","site-content-style":"default","site-sidebar-style":"default","ast-global-header-display":"","ast-banner-title-visibility":"","ast-main-header-display":"","ast-hfb-above-header-display":"","ast-hfb-below-header-display":"","ast-hfb-mobile-header-display":"","site-post-title":"","ast-breadcrumbs-content":"","ast-featured-img":"","footer-sml-layout":"","ast-disable-related-posts":"","theme-transparent-header-meta":"default","adv-header-id-meta":"","stick-header-meta":"default","header-above-stick-meta":"","header-main-stick-meta":"","header-below-stick-meta":"","astra-migrate-meta-layouts":"default","ast-page-background-enabled":"default","ast-page-background-meta":{"desktop":{"background-color":"","background-image":"","background-repeat":"repeat","background-position":"center center","background-size":"auto","background-attachment":"scroll","background-type":"","background-media":"","overlay-type":"","overlay-color":"","overlay-opacity":"","overlay-gradient":""},"tablet":{"background-color":"","background-image":"","background-repeat":"repeat","background-position":"center center","background-size":"auto","background-attachment":"scroll","background-type":"","background-media":"","overlay-type":"","overlay-color":"","overlay-opacity":"","overlay-gradient":""},"mobile":{"background-color":"","background-image":"","background-repeat":"repeat","background-position":"center center","background-size":"auto","background-attachment":"scroll","background-type":"","background-media":"","overlay-type":"","overlay-color":"","overlay-opacity":"","overlay-gradient":""}},"ast-content-background-meta":{"desktop":{"background-color":"var(--ast-global-color-5)","background-image":"","background-repeat":"repeat","background-position":"center center","background-size":"auto","background-attachment":"scroll","background-type":"","background-media":"","overlay-type":"","overlay-color":"","overlay-opacity":"","overlay-gradient":""},"tablet":{"background-color":"var(--ast-global-color-5)","background-image":"","background-repeat":"repeat","background-position":"center center","background-size":"auto","background-attachment":"scroll","background-type":"","background-media":"","overlay-type":"","overlay-color":"","overlay-opacity":"","overlay-gradient":""},"mobile":{"background-color":"var(--ast-global-color-5)","background-image":"","background-repeat":"repeat","background-position":"center center","background-size":"auto","background-attachment":"scroll","background-type":"","background-media":"","overlay-type":"","overlay-color":"","overlay-opacity":"","overlay-gradient":""}}},"product_brand":[],"product_cat":[44,95,110],"product_tag":[],"class_list":{"0":"post-3258","1":"product","2":"type-product","3":"status-publish","4":"has-post-thumbnail","6":"product_cat-coaching","7":"product_cat-in-person","8":"product_cat-teachers","9":"desktop-align-left","10":"tablet-align-left","11":"mobile-align-left","12":"ast-product-gallery-layout-vertical","13":"ast-product-gallery-with-no-image","14":"ast-magnify-disabled","15":"ast-product-tabs-layout-horizontal","17":"first","18":"instock","19":"virtual","20":"sold-individually","21":"product-type-simple"},"acf":[],"_links":{"self":[{"href":"https:\/\/robertschrammconsulting.com\/es\/wp-json\/wp\/v2\/product\/3258","targetHints":{"allow":["GET"]}}],"collection":[{"href":"https:\/\/robertschrammconsulting.com\/es\/wp-json\/wp\/v2\/product"}],"about":[{"href":"https:\/\/robertschrammconsulting.com\/es\/wp-json\/wp\/v2\/types\/product"}],"version-history":[{"count":3,"href":"https:\/\/robertschrammconsulting.com\/es\/wp-json\/wp\/v2\/product\/3258\/revisions"}],"predecessor-version":[{"id":3264,"href":"https:\/\/robertschrammconsulting.com\/es\/wp-json\/wp\/v2\/product\/3258\/revisions\/3264"}],"wp:featuredmedia":[{"embeddable":true,"href":"https:\/\/robertschrammconsulting.com\/es\/wp-json\/wp\/v2\/media\/3774"}],"wp:attachment":[{"href":"https:\/\/robertschrammconsulting.com\/es\/wp-json\/wp\/v2\/media?parent=3258"}],"wp:term":[{"taxonomy":"product_brand","embeddable":true,"href":"https:\/\/robertschrammconsulting.com\/es\/wp-json\/wp\/v2\/product_brand?post=3258"},{"taxonomy":"product_cat","embeddable":true,"href":"https:\/\/robertschrammconsulting.com\/es\/wp-json\/wp\/v2\/product_cat?post=3258"},{"taxonomy":"product_tag","embeddable":true,"href":"https:\/\/robertschrammconsulting.com\/es\/wp-json\/wp\/v2\/product_tag?post=3258"}],"curies":[{"name":"wp","href":"https:\/\/api.w.org\/{rel}","templated":true}]}}