{"id":2650,"date":"2020-09-10T08:16:37","date_gmt":"2020-09-10T15:16:37","guid":{"rendered":"https:\/\/robertschrammconsulting.com\/?page_id=2650"},"modified":"2020-09-21T15:36:03","modified_gmt":"2020-09-21T22:36:03","slug":"refunds-and-cancellations","status":"publish","type":"page","link":"https:\/\/robertschrammconsulting.com\/es\/refunds-and-cancellations\/","title":{"rendered":"Reembolsos y cancelaciones"},"content":{"rendered":"<p class=\"has-text-align-center\"><strong>REEMBOLSOS Y CANCELACIONES<\/strong><\/p>\n\n\n\n<p>Robert Schramm Consulting es un servicio de entrenamiento y educaci\u00f3n en an\u00e1lisis de comportamiento. Nuestro objetivo es ofrecerle tutoriales, consejos y apoyo sobre educaci\u00f3n y paternidad. No implementamos ninguna programaci\u00f3n de comportamiento, sino que ense\u00f1amos a nuestros clientes sobre los principios de comportamiento importantes que determinan su \u00e9xito. Por favor, comprenda que usted es responsable de cualquier decisi\u00f3n que tome sobre c\u00f3mo interact\u00faa con sus hijos y \/ o clientes. Los 7 pasos es un enfoque cient\u00edficamente v\u00e1lido para el desarrollo de relaciones basado en los principios de comportamiento que gu\u00edan nuestra vida social. En Robert Schramm Consulting, puede aprender a utilizar esos principios para convertirse en una influencia m\u00e1s constante y positiva en la vida de los ni\u00f1os que le preocupan. Si est\u00e1 lidiando con un comportamiento agresivo o autodestructivo severo y no se siente c\u00f3modo con la implementaci\u00f3n de los 7 pasos sin el apoyo en persona, comun\u00edquese con nosotros para obtener ayuda para encontrar un analista de comportamiento certificado por la junta local que domine el uso de estos 7 pasos para obtener el control educativo.&nbsp;<\/p>\n\n\n\n<h2 class=\"wp-block-heading\"><strong>Pol\u00edtica de reembolso y cancelaci\u00f3n de Robert Schramm Consulting:<\/strong><\/h2>\n\n\n\n<p>Todas nuestras compras de \u201ccursos bajo demanda\u201d son finales e intransferibles. El acceso al material del curso vendr\u00e1 a trav\u00e9s de su cuenta y permanecer\u00e1 disponible durante el per\u00edodo de tiempo comprado para visitas repetidas. Las extensiones de ese plazo a tarifas reducidas estar\u00e1n disponibles para usted mediante una oferta por correo electr\u00f3nico. Si tiene alguna dificultad t\u00e9cnica para ver o descargar cualquier material del curso, comun\u00edquese con nosotros a trav\u00e9s del formulario de contacto de nuestro sitio web.<\/p>\n\n\n\n<p>Todas nuestras compras de \u201cSesiones de coaching en l\u00ednea\u201d son finales e intransferibles. Sin embargo, se pueden reprogramar a su conveniencia hasta 24 horas antes del inicio de la sesi\u00f3n. Cualquier sesi\u00f3n perdida que no se reprograme antes de las 24 horas anteriores, no se reembolsar\u00e1, pero recibir\u00e1 un descuento 50% en la recompra de esa sesi\u00f3n.<\/p>\n\n\n\n<p>Todas nuestras consultas y talleres \u201cen persona\u201d se negocian mediante cotizaci\u00f3n directa y se pagan antes del evento. Si se cancela un taller o una consulta en persona hasta 1 semana antes del inicio del evento, todos los fondos se reembolsar\u00e1n menos los costos ya pagados por Robert Schramm Consulting (es decir, boletos de avi\u00f3n) y $100 adicional por d\u00eda programado. Si cancela dentro de los 7 d\u00edas posteriores al inicio del evento, se reembolsar\u00e1 el 50% de las tarifas pagadas.<\/p>","protected":false},"excerpt":{"rendered":"<p>REFUNDS &amp; CANCELLATIONS Robert Schramm Consulting is a behavior analysis education and coaching service. Our goal is to offer you parenting and education tutorials, advice and supports. We do not implement any behavior programming but, instead, teach our clients about the important behavioral principles that determine their success. Please, understand that you are responsible for [&hellip;]<\/p>","protected":false},"author":1,"featured_media":0,"parent":0,"menu_order":0,"comment_status":"closed","ping_status":"closed","template":"","meta":{"_acf_changed":false,"_seopress_robots_primary_cat":"","_seopress_titles_title":"","_seopress_titles_desc":"","_seopress_robots_index":"","site-sidebar-layout":"default","site-content-layout":"default","ast-site-content-layout":"default","site-content-style":"default","site-sidebar-style":"default","ast-global-header-display":"","ast-banner-title-visibility":"","ast-main-header-display":"","ast-hfb-above-header-display":"","ast-hfb-below-header-display":"","ast-hfb-mobile-header-display":"","site-post-title":"disabled","ast-breadcrumbs-content":"","ast-featured-img":"","footer-sml-layout":"","ast-disable-related-posts":"","theme-transparent-header-meta":"disabled","adv-header-id-meta":"","stick-header-meta":"default","header-above-stick-meta":"","header-main-stick-meta":"","header-below-stick-meta":"","astra-migrate-meta-layouts":"default","ast-page-background-enabled":"default","ast-page-background-meta":{"desktop":{"background-color":"","background-image":"","background-repeat":"repeat","background-position":"center center","background-size":"auto","background-attachment":"scroll","background-type":"","background-media":"","overlay-type":"","overlay-color":"","overlay-opacity":"","overlay-gradient":""},"tablet":{"background-color":"","background-image":"","background-repeat":"repeat","background-position":"center center","background-size":"auto","background-attachment":"scroll","background-type":"","background-media":"","overlay-type":"","overlay-color":"","overlay-opacity":"","overlay-gradient":""},"mobile":{"background-color":"","background-image":"","background-repeat":"repeat","background-position":"center center","background-size":"auto","background-attachment":"scroll","background-type":"","background-media":"","overlay-type":"","overlay-color":"","overlay-opacity":"","overlay-gradient":""}},"ast-content-background-meta":{"desktop":{"background-color":"var(--ast-global-color-5)","background-image":"","background-repeat":"repeat","background-position":"center center","background-size":"auto","background-attachment":"scroll","background-type":"","background-media":"","overlay-type":"","overlay-color":"","overlay-opacity":"","overlay-gradient":""},"tablet":{"background-color":"var(--ast-global-color-5)","background-image":"","background-repeat":"repeat","background-position":"center center","background-size":"auto","background-attachment":"scroll","background-type":"","background-media":"","overlay-type":"","overlay-color":"","overlay-opacity":"","overlay-gradient":""},"mobile":{"background-color":"var(--ast-global-color-5)","background-image":"","background-repeat":"repeat","background-position":"center center","background-size":"auto","background-attachment":"scroll","background-type":"","background-media":"","overlay-type":"","overlay-color":"","overlay-opacity":"","overlay-gradient":""}},"footnotes":""},"class_list":["post-2650","page","type-page","status-publish","hentry"],"acf":[],"_links":{"self":[{"href":"https:\/\/robertschrammconsulting.com\/es\/wp-json\/wp\/v2\/pages\/2650","targetHints":{"allow":["GET"]}}],"collection":[{"href":"https:\/\/robertschrammconsulting.com\/es\/wp-json\/wp\/v2\/pages"}],"about":[{"href":"https:\/\/robertschrammconsulting.com\/es\/wp-json\/wp\/v2\/types\/page"}],"author":[{"embeddable":true,"href":"https:\/\/robertschrammconsulting.com\/es\/wp-json\/wp\/v2\/users\/1"}],"replies":[{"embeddable":true,"href":"https:\/\/robertschrammconsulting.com\/es\/wp-json\/wp\/v2\/comments?post=2650"}],"version-history":[{"count":4,"href":"https:\/\/robertschrammconsulting.com\/es\/wp-json\/wp\/v2\/pages\/2650\/revisions"}],"predecessor-version":[{"id":3908,"href":"https:\/\/robertschrammconsulting.com\/es\/wp-json\/wp\/v2\/pages\/2650\/revisions\/3908"}],"wp:attachment":[{"href":"https:\/\/robertschrammconsulting.com\/es\/wp-json\/wp\/v2\/media?parent=2650"}],"curies":[{"name":"wp","href":"https:\/\/api.w.org\/{rel}","templated":true}]}}