{"id":178,"date":"2020-04-26T22:49:36","date_gmt":"2020-04-26T22:49:36","guid":{"rendered":"https:\/\/robertschrammconsulting.com\/group-management-buy-courses\/"},"modified":"2021-09-29T12:50:29","modified_gmt":"2021-09-29T19:50:29","slug":"group-sales","status":"publish","type":"page","link":"https:\/\/robertschrammconsulting.com\/es\/group-sales\/","title":{"rendered":"Ventas grupales"},"content":{"rendered":"<div data-elementor-type=\"wp-page\" data-elementor-id=\"178\" class=\"elementor elementor-178\" data-elementor-settings=\"{&quot;ha_cmc_init_switcher&quot;:&quot;no&quot;}\" data-elementor-post-type=\"page\">\n\t\t\t\t\t\t<section class=\"elementor-section elementor-top-section elementor-element elementor-element-e8e0cfa elementor-section-boxed elementor-section-height-default elementor-section-height-default\" data-id=\"e8e0cfa\" data-element_type=\"section\" data-settings=\"{&quot;_ha_eqh_enable&quot;:false}\">\n\t\t\t\t\t\t<div class=\"elementor-container elementor-column-gap-default\">\n\t\t\t\t\t<div class=\"elementor-column elementor-col-100 elementor-top-column elementor-element elementor-element-b105021\" data-id=\"b105021\" data-element_type=\"column\" data-settings=\"{&quot;background_background&quot;:&quot;classic&quot;}\">\n\t\t\t<div class=\"elementor-widget-wrap elementor-element-populated\">\n\t\t\t\t\t\t<div class=\"elementor-element elementor-element-eca68e4 elementor-widget elementor-widget-heading\" data-id=\"eca68e4\" data-element_type=\"widget\" data-widget_type=\"heading.default\">\n\t\t\t\t<div class=\"elementor-widget-container\">\n\t\t\t\t\t<h2 class=\"elementor-heading-title elementor-size-default\">Bienvenido a Ventas para grupos.<br><small><em>*Utilice este flujo de trabajo para comprar plazas de cursos para su personal desde su propia cuenta.<\/em><\/small><\/h2>\t\t\t\t<\/div>\n\t\t\t\t<\/div>\n\t\t\t\t<div class=\"elementor-element elementor-element-44d3501 elementor-widget elementor-widget-heading\" data-id=\"44d3501\" data-element_type=\"widget\" data-widget_type=\"heading.default\">\n\t\t\t\t<div class=\"elementor-widget-container\">\n\t\t\t\t\t<h2 class=\"elementor-heading-title elementor-size-default\">Instrucciones:<\/h2>\t\t\t\t<\/div>\n\t\t\t\t<\/div>\n\t\t\t\t<div class=\"elementor-element elementor-element-399dc0c elementor-widget elementor-widget-text-editor\" data-id=\"399dc0c\" data-element_type=\"widget\" data-widget_type=\"text-editor.default\">\n\t\t\t\t<div class=\"elementor-widget-container\">\n\t\t\t\t\t\t\t\t\t<ol><li>Ingrese un nombre de grupo<\/li><li>Agregar n\u00famero de asientos<\/li><li>Seleccionar cursos<\/li><li>Haga clic en &quot;agregar al carrito&quot;<\/li><li>Pasar por la caja<\/li><\/ol><p>Notas adicionales:<\/p><ul><li>Si realiza una compra grupal, es un l\u00edder de grupo por defecto.<\/li><li><strong>Los l\u00edderes de grupo no se agregan como miembros del grupo de forma predeterminada (no toman asiento ni tienen acceso al curso)<\/strong>\u00a0- Los l\u00edderes de grupo reci\u00e9n creados no se agregar\u00e1n autom\u00e1ticamente a los grupos como miembros. Los l\u00edderes de grupo a\u00fan se pueden agregar manualmente como miembros despu\u00e9s de la creaci\u00f3n.<\/li><li>Posteriormente se pueden agregar l\u00edderes de grupo adicionales a pedido.<\/li><li>Despu\u00e9s de la compra, los l\u00edderes de grupo podr\u00e1n enviar invitaciones dentro de su cuenta de administraci\u00f3n de grupo.<\/li><li>Ofrecemos descuentos por volumen. <span style=\"color: #5d8ac1;\"><a style=\"color: #5d8ac1;\" href=\"https:\/\/robertschrammconsulting.com\/es\/contact-us\/\">Cont\u00e1ctenos<\/a><\/span> para m\u00e1s informaci\u00f3n.<\/li><\/ul>\t\t\t\t\t\t\t\t<\/div>\n\t\t\t\t<\/div>\n\t\t\t\t\t<\/div>\n\t\t<\/div>\n\t\t\t\t\t<\/div>\n\t\t<\/section>\n\t\t\t\t<section class=\"elementor-section elementor-top-section elementor-element elementor-element-6721262 elementor-section-boxed elementor-section-height-default elementor-section-height-default\" data-id=\"6721262\" data-element_type=\"section\" data-settings=\"{&quot;_ha_eqh_enable&quot;:false}\">\n\t\t\t\t\t\t<div class=\"elementor-container elementor-column-gap-default\">\n\t\t\t\t\t<div class=\"elementor-column elementor-col-100 elementor-top-column elementor-element elementor-element-cf0a96a\" data-id=\"cf0a96a\" data-element_type=\"column\">\n\t\t\t<div class=\"elementor-widget-wrap elementor-element-populated\">\n\t\t\t\t\t\t<div class=\"elementor-element elementor-element-78d0016 elementor-widget elementor-widget-shortcode\" data-id=\"78d0016\" data-element_type=\"widget\" data-widget_type=\"shortcode.default\">\n\t\t\t\t<div class=\"elementor-widget-container\">\n\t\t\t\t\t\t\t<div class=\"elementor-shortcode\">\n<form id=\"uo-groups-buy-courses\" class=\"buy-courses-form\" method=\"POST\"\n\t  data-bulk-discount='{\"enabled\":\"yes\",\"discounts\":{\"1\":{\"qty\":\"3\",\"percent\":\"5\"},\"2\":{\"qty\":\"11\",\"percent\":\"10\"},\"3\":{\"qty\":\"26\",\"percent\":\"20\"},\"4\":{\"qty\":\"51\",\"percent\":\"30\"}}}' action=\"\">\n\n\t\n\t\n\t<input type=\"hidden\" id=\"_custom_buy_courses\" name=\"_custom_buy_courses\" value=\"6fc22ee712\" \/><input type=\"hidden\" name=\"_wp_http_referer\" value=\"\/es\/wp-json\/wp\/v2\/pages\/178\" \/>\n\t\n\t\t\t<!-- Group data -->\n\t\t\t<div id=\"uo-groups-buy--group-data\" class=\"uo-groups-section\">\n\t\t\t\t<div id=\"uo-groups-buy-courses-data\" class=\"uo-row\">\n\t\t\t\t\t<div class=\"uo-groups-section-header\">\n\t\t\t\t\t\t<h3>Grupo<\/h3>\n\t\t\t\t\t<\/div>\n\n\t\t\t\t\t\n\t\t\t\t\t<div class=\"uo-groups-section-content\">\n\n\t\t\t\t\t\t<div class=\"uo-groups--group-data\">\n\t\t\t\t\t\t\t<!-- Group name -->\n\t\t\t\t\t\t\t<div class=\"uo-groups--group-name\">\n\t\t\t\t\t\t\t\t<div class=\"uo-groups-form-row\">\n\t\t\t\t\t\t\t\t\t<div class=\"uo-groups-form-row--title\">\n\t\t\t\t\t\t\t\t\t\tNombre del grupo\t\t\t\t\t\t\t\t\t<\/div>\n\t\t\t\t\t\t\t\t\t<div class=\"uo-groups-form-row--element\">\n\t\t\t\t\t\t\t\t\t\t<input\n\t\t\t\t\t\t\t\t\t\t\tclass=\"uo-input\"\n\t\t\t\t\t\t\t\t\t\t\ttype=\"text\"\n\t\t\t\t\t\t\t\t\t\t\tvalue=\"\"\n\t\t\t\t\t\t\t\t\t\t\tname=\"_custom_group_name\"\n\n\t\t\t\t\t\t\t\t\t\t\t\t\t\t\t\t\t\t\t\t\t\trequired=\"required\"\n\t\t\t\t\t\t\t\t\t\t>\n\t\t\t\t\t\t\t\t\t<\/div>\n\t\t\t\t\t\t\t\t\t<div class=\"uo-groups-form-row--comment\">\n\t\t\t\t\t\t\t\t\t\tEl nombre del grupo para el que est\u00e1 comprando los cursos.\t\t\t\t\t\t\t\t\t<\/div>\n\t\t\t\t\t\t\t\t<\/div>\n\t\t\t\t\t\t\t<\/div>\n\n\t\t\t\t\t\t\t<!-- Seats -->\n\t\t\t\t\t\t\t<div class=\"uo-groups--group-seats\">\n\t\t\t\t\t\t\t\t<div class=\"uo-groups-form-row\">\n\t\t\t\t\t\t\t\t\t<div class=\"uo-groups-form-row--title\">\n\t\t\t\t\t\t\t\t\t\tAsientos\t\t\t\t\t\t\t\t\t<\/div>\n\t\t\t\t\t\t\t\t\t<div class=\"uo-groups-form-row--element\">\n\t\t\t\t\t\t\t\t\t\t<input type=\"hidden\" name=\"ulgm_license_min_qty\"\n\t\t\t\t\t\t\t\t\t\t\t   value=\"1\">\n\t\t\t\t\t\t\t\t\t\t<input type=\"hidden\" name=\"ulgm_license_max_qty\"\n\t\t\t\t\t\t\t\t\t\t\t   value=\"99999999\">\n\t\t\t\t\t\t\t\t\t\t<input\n\t\t\t\t\t\t\t\t\t\t\tclass=\"uo-input\"\n\t\t\t\t\t\t\t\t\t\t\ttype=\"number\"\n\t\t\t\t\t\t\t\t\t\t\tvalue=\"1\"\n\t\t\t\t\t\t\t\t\t\t\tname=\"_custom_qty\"\n\t\t\t\t\t\t\t\t\t\t\tid=\"uo-groups-buy-course-field-quantity\"\n\t\t\t\t\t\t\t\t\t\t\tmin=\"1\"\n\t\t\t\t\t\t\t\t\t\t\tmax=\"99999999\"\n\t\t\t\t\t\t\t\t\t\t\trequired=\"required\"\n\t\t\t\t\t\t\t\t\t\t\t\t\t\t\t\t\t\t\t\t\t>\n\t\t\t\t\t\t\t\t\t<\/div>\n\t\t\t\t\t\t\t\t\t<div class=\"uo-groups-form-row--comment\">\n\t\t\t\t\t\t\t\t\t\tEl n\u00famero de usuarios que requieren acceso.\t\t\t\t\t\t\t\t\t<\/div>\n\t\t\t\t\t\t\t\t<\/div>\n\t\t\t\t\t\t\t<\/div>\n\t\t\t\t\t\t<\/div>\n\n\t\t\t\t\t\t\t<div class=\"uo-groups--bulk-discount\">\n\t\t<div class=\"uo-groups-box\">\n\t\t\t<div class=\"uo-groups--bulk-discount-title\">\n\t\t\t\tDescuentos por volumen\t\t\t<\/div>\n\n\t\t\t<div class=\"uo-groups-table\">\n\n\t\t\t\t<div class=\"uo-groups-table-content\">\n\n\t\t\t\t\t\t\t\t\t\t\t\t\t\t\t\t\t\t\n\t\t\t\t\t\t\t<div class=\"uo-groups-table-row\">\n\t\t\t\t\t\t\t\t<div class=\"uo-groups-table-cell\">\n\n\t\t\t\t\t\t\t\t\t3 a 10 plazas\n\t\t\t\t\t\t\t\t\t<input type=\"hidden\" id=\"bulk-discount-1\"\n\t\t\t\t\t\t\t\t\t\t   name=\"bulk-discount-1\"\n\t\t\t\t\t\t\t\t\t\t   value=\"5\"\n\t\t\t\t\t\t\t\t\t\t   data-qty=\"3\"\/>\n\n\t\t\t\t\t\t\t\t<\/div>\n\t\t\t\t\t\t\t\t<div class=\"uo-groups-table-cell\">\n\t\t\t\t\t\t\t\t\t- 5\t\t\t\t\t\t\t\t\t%\n\t\t\t\t\t\t\t\t<\/div>\n\t\t\t\t\t\t\t<\/div>\n\n\t\t\t\t\t\t\t\t\t\t\t\t\t\t\t\t\t\t\t\t\t\t\t\t\n\t\t\t\t\t\t\t<div class=\"uo-groups-table-row\">\n\t\t\t\t\t\t\t\t<div class=\"uo-groups-table-cell\">\n\n\t\t\t\t\t\t\t\t\t11 a 25 plazas\n\t\t\t\t\t\t\t\t\t<input type=\"hidden\" id=\"bulk-discount-2\"\n\t\t\t\t\t\t\t\t\t\t   name=\"bulk-discount-2\"\n\t\t\t\t\t\t\t\t\t\t   value=\"10\"\n\t\t\t\t\t\t\t\t\t\t   data-qty=\"11\"\/>\n\n\t\t\t\t\t\t\t\t<\/div>\n\t\t\t\t\t\t\t\t<div class=\"uo-groups-table-cell\">\n\t\t\t\t\t\t\t\t\t- 10\t\t\t\t\t\t\t\t\t%\n\t\t\t\t\t\t\t\t<\/div>\n\t\t\t\t\t\t\t<\/div>\n\n\t\t\t\t\t\t\t\t\t\t\t\t\t\t\t\t\t\t\t\t\t\t\t\t\n\t\t\t\t\t\t\t<div class=\"uo-groups-table-row\">\n\t\t\t\t\t\t\t\t<div class=\"uo-groups-table-cell\">\n\n\t\t\t\t\t\t\t\t\t26 a 50 asientos\n\t\t\t\t\t\t\t\t\t<input type=\"hidden\" id=\"bulk-discount-3\"\n\t\t\t\t\t\t\t\t\t\t   name=\"bulk-discount-3\"\n\t\t\t\t\t\t\t\t\t\t   value=\"20\"\n\t\t\t\t\t\t\t\t\t\t   data-qty=\"26\"\/>\n\n\t\t\t\t\t\t\t\t<\/div>\n\t\t\t\t\t\t\t\t<div class=\"uo-groups-table-cell\">\n\t\t\t\t\t\t\t\t\t- 20\t\t\t\t\t\t\t\t\t%\n\t\t\t\t\t\t\t\t<\/div>\n\t\t\t\t\t\t\t<\/div>\n\n\t\t\t\t\t\t\t\t\t\t\t\t\t\t\t\t\t\t\t\t\t\t\t\t\n\t\t\t\t\t\t\t<div class=\"uo-groups-table-row\">\n\t\t\t\t\t\t\t\t<div class=\"uo-groups-table-cell\">\n\n\t\t\t\t\t\t\t\t\t+51 asientos\n\t\t\t\t\t\t\t\t\t<input type=\"hidden\" id=\"bulk-discount-4\"\n\t\t\t\t\t\t\t\t\t\t   name=\"bulk-discount-4\"\n\t\t\t\t\t\t\t\t\t\t   value=\"30\"\n\t\t\t\t\t\t\t\t\t\t   data-qty=\"51\"\/>\n\n\t\t\t\t\t\t\t\t<\/div>\n\t\t\t\t\t\t\t\t<div class=\"uo-groups-table-cell\">\n\t\t\t\t\t\t\t\t\t- 30\t\t\t\t\t\t\t\t\t%\n\t\t\t\t\t\t\t\t<\/div>\n\t\t\t\t\t\t\t<\/div>\n\n\t\t\t\t\t\t\t\t\t\t\t\t\t\t\t\t\t\t\t\t\t\t\t\t\t\t\t\t\t\t\t\t\t\t\t\t\t\t\t\t\t\t\t\t\t\t\t\t\t\t\t\t\t\t\t\t\t\t\t\t\t\t\t\t\t\t\t\t\t\t\t\t\t\t\t\t\t\n\t\t\t\t<\/div>\n\t\t\t<\/div>\n\t\t<\/div>\n\t<\/div>\n\n\t\t\t\t\t<\/div>\n\t\t\t\t<\/div>\n\t\t\t<\/div>\n\n\t\t\t<!-- Select courses -->\n\t\t\t<div id=\"uo-groups-buy--courses\" class=\"uo-groups-section\">\n\t\t\t\t<div id=\"uo-groups-buy-courses-select\" class=\"uo-row\">\n\t\t\t\t\t<div class=\"uo-groups-section-header\">\n\t\t\t\t\t\t<h3>\n\t\t\t\t\t\t\tCursos\t\t\t\t\t\t<\/h3>\n\t\t\t\t\t<\/div>\n\t\t\t\t\t<div class=\"uo-groups-section-content\">\n\t\t\t\t\t\t<div class=\"uo-groups--courses\">\n\t\t\t\t\t\t\t<div class=\"uo-groups-box\">\n\t\t\t\t\t\t\t\t<div class=\"uo-groups-table\">\n\t\t\t\t\t\t\t\t\t<div class=\"uo-groups-table-header\">\n\t\t\t\t\t\t\t\t\t\tPrecio\t\t\t\t\t\t\t\t\t<\/div>\n\t\t\t\t\t\t\t\t\t<div class=\"uo-groups-table-content\">\n\n\t\t\t\t\t\t\t\t\t\t\n\t\t\t\t\t\t\t\t\t\t\t<div class=\"uo-groups-table-row\"\n\t\t\t\t\t\t\t\t\t\t\t\t data-course-id=\"3000\"\n\t\t\t\t\t\t\t\t\t\t\t\t data-product-id=\"3934\">\n\n\t\t\t\t\t\t\t\t\t\t\t\t<div\n\t\t\t\t\t\t\t\t\t\t\t\t\tclass=\"uo-groups-table-cell uo-groups-table-name checkbox-required\">\n\t\t\t\t\t\t\t\t\t\t\t\t\t\n\t\t\t\t\t\t\t\t\t\t\t\t\t\t<label class=\"uo-checkbox\">\n\t\t\t\t\t\t\t\t\t\t\t\t\t\t\t<input type=\"checkbox\" class=\"bb-custom-check\"\n\t\t\t\t\t\t\t\t\t\t\t\t\t\t\t\t   data-price=\"279\"\n\t\t\t\t\t\t\t\t\t\t\t\t\t\t\t\t   name=\"_custom_selected_courses[]\"\n\t\t\t\t\t\t\t\t\t\t\t\t\t\t\t\t   value=\"3934\"\/>\n\t\t\t\t\t\t\t\t\t\t\t\t\t\t\t<div class=\"uo-checkmark\"><\/div>\n\t\t\t\t\t\t\t\t\t\t\t\t\t\t\t<span class=\"uo-label\">\n\t\t\t\t\t\t\t\t\t\t\t\t\t\t\t\t\t\t\tCurso de an\u00e1lisis de la conducta BA1 - Los 7 pasos para obtener el control educativo: una introducci\u00f3n para BCBAS y profesionales de la conducta - Grupo\t\t\t\t\t\t\t\t\t\t\t\t\t\t\t\t\t\t<\/span>\n\t\t\t\t\t\t\t\t\t\t\t\t\t\t<\/label>\n\n\t\t\t\t\t\t\t\t\t\t\t\t\t\n\t\t\t\t\t\t\t\t\t\t\t\t<\/div>\n\n\t\t\t\t\t\t\t\t\t\t\t\t<div class=\"uo-groups-table-cell uo-groups-table-price\">\n\t\t\t\t\t\t\t\t\t\t\t\t\t<span class=\"woocommerce-Price-amount amount\"><bdi><span class=\"woocommerce-Price-currencySymbol\">&#36;<\/span>279.00<\/bdi><\/span>\t\t\t\t\t\t\t\t\t\t\t\t<\/div>\n\n\t\t\t\t\t\t\t\t\t\t\t<\/div>\n\n\t\t\t\t\t\t\t\t\t\t\t\n\t\t\t\t\t\t\t\t\t\t\t<div class=\"uo-groups-table-row\"\n\t\t\t\t\t\t\t\t\t\t\t\t data-course-id=\"841\"\n\t\t\t\t\t\t\t\t\t\t\t\t data-product-id=\"4068\">\n\n\t\t\t\t\t\t\t\t\t\t\t\t<div\n\t\t\t\t\t\t\t\t\t\t\t\t\tclass=\"uo-groups-table-cell uo-groups-table-name checkbox-required\">\n\t\t\t\t\t\t\t\t\t\t\t\t\t\n\t\t\t\t\t\t\t\t\t\t\t\t\t\t<label class=\"uo-checkbox\">\n\t\t\t\t\t\t\t\t\t\t\t\t\t\t\t<input type=\"checkbox\" class=\"bb-custom-check\"\n\t\t\t\t\t\t\t\t\t\t\t\t\t\t\t\t   data-price=\"179\"\n\t\t\t\t\t\t\t\t\t\t\t\t\t\t\t\t   name=\"_custom_selected_courses[]\"\n\t\t\t\t\t\t\t\t\t\t\t\t\t\t\t\t   value=\"4068\"\/>\n\t\t\t\t\t\t\t\t\t\t\t\t\t\t\t<div class=\"uo-checkmark\"><\/div>\n\t\t\t\t\t\t\t\t\t\t\t\t\t\t\t<span class=\"uo-label\">\n\t\t\t\t\t\t\t\t\t\t\t\t\t\t\t\t\t\t\tPadres (P1) - Los 7 pasos desde los principios hasta la aplicaci\u00f3n - Grupo\t\t\t\t\t\t\t\t\t\t\t\t\t\t\t\t\t\t<\/span>\n\t\t\t\t\t\t\t\t\t\t\t\t\t\t<\/label>\n\n\t\t\t\t\t\t\t\t\t\t\t\t\t\n\t\t\t\t\t\t\t\t\t\t\t\t<\/div>\n\n\t\t\t\t\t\t\t\t\t\t\t\t<div class=\"uo-groups-table-cell uo-groups-table-price\">\n\t\t\t\t\t\t\t\t\t\t\t\t\t<span class=\"woocommerce-Price-amount amount\"><bdi><span class=\"woocommerce-Price-currencySymbol\">&#36;<\/span>179.00<\/bdi><\/span>\t\t\t\t\t\t\t\t\t\t\t\t<\/div>\n\n\t\t\t\t\t\t\t\t\t\t\t<\/div>\n\n\t\t\t\t\t\t\t\t\t\t\t\n\t\t\t\t\t\t\t\t\t\t\t<div class=\"uo-groups-table-row\"\n\t\t\t\t\t\t\t\t\t\t\t\t data-course-id=\"1799\"\n\t\t\t\t\t\t\t\t\t\t\t\t data-product-id=\"4070\">\n\n\t\t\t\t\t\t\t\t\t\t\t\t<div\n\t\t\t\t\t\t\t\t\t\t\t\t\tclass=\"uo-groups-table-cell uo-groups-table-name checkbox-required\">\n\t\t\t\t\t\t\t\t\t\t\t\t\t\n\t\t\t\t\t\t\t\t\t\t\t\t\t\t<label class=\"uo-checkbox\">\n\t\t\t\t\t\t\t\t\t\t\t\t\t\t\t<input type=\"checkbox\" class=\"bb-custom-check\"\n\t\t\t\t\t\t\t\t\t\t\t\t\t\t\t\t   data-price=\"199\"\n\t\t\t\t\t\t\t\t\t\t\t\t\t\t\t\t   name=\"_custom_selected_courses[]\"\n\t\t\t\t\t\t\t\t\t\t\t\t\t\t\t\t   value=\"4070\"\/>\n\t\t\t\t\t\t\t\t\t\t\t\t\t\t\t<div class=\"uo-checkmark\"><\/div>\n\t\t\t\t\t\t\t\t\t\t\t\t\t\t\t<span class=\"uo-label\">\n\t\t\t\t\t\t\t\t\t\t\t\t\t\t\t\t\t\t\tPadres (P2) - Creaci\u00f3n de un plan de acci\u00f3n y \/ o econom\u00eda de fichas para apoyar el control educativo - Grupo\t\t\t\t\t\t\t\t\t\t\t\t\t\t\t\t\t\t<\/span>\n\t\t\t\t\t\t\t\t\t\t\t\t\t\t<\/label>\n\n\t\t\t\t\t\t\t\t\t\t\t\t\t\n\t\t\t\t\t\t\t\t\t\t\t\t<\/div>\n\n\t\t\t\t\t\t\t\t\t\t\t\t<div class=\"uo-groups-table-cell uo-groups-table-price\">\n\t\t\t\t\t\t\t\t\t\t\t\t\t<span class=\"woocommerce-Price-amount amount\"><bdi><span class=\"woocommerce-Price-currencySymbol\">&#36;<\/span>199.00<\/bdi><\/span>\t\t\t\t\t\t\t\t\t\t\t\t<\/div>\n\n\t\t\t\t\t\t\t\t\t\t\t<\/div>\n\n\t\t\t\t\t\t\t\t\t\t\t\n\t\t\t\t\t\t\t\t\t\t\t<div class=\"uo-groups-table-row\"\n\t\t\t\t\t\t\t\t\t\t\t\t data-course-id=\"1801\"\n\t\t\t\t\t\t\t\t\t\t\t\t data-product-id=\"4072\">\n\n\t\t\t\t\t\t\t\t\t\t\t\t<div\n\t\t\t\t\t\t\t\t\t\t\t\t\tclass=\"uo-groups-table-cell uo-groups-table-name checkbox-required\">\n\t\t\t\t\t\t\t\t\t\t\t\t\t\n\t\t\t\t\t\t\t\t\t\t\t\t\t\t<label class=\"uo-checkbox\">\n\t\t\t\t\t\t\t\t\t\t\t\t\t\t\t<input type=\"checkbox\" class=\"bb-custom-check\"\n\t\t\t\t\t\t\t\t\t\t\t\t\t\t\t\t   data-price=\"150\"\n\t\t\t\t\t\t\t\t\t\t\t\t\t\t\t\t   name=\"_custom_selected_courses[]\"\n\t\t\t\t\t\t\t\t\t\t\t\t\t\t\t\t   value=\"4072\"\/>\n\t\t\t\t\t\t\t\t\t\t\t\t\t\t\t<div class=\"uo-checkmark\"><\/div>\n\t\t\t\t\t\t\t\t\t\t\t\t\t\t\t<span class=\"uo-label\">\n\t\t\t\t\t\t\t\t\t\t\t\t\t\t\t\t\t\t\tPadres (P3) - Evaluaci\u00f3n y ajuste de su plan para lograr el m\u00e1ximo \u00e9xito - Grupo\t\t\t\t\t\t\t\t\t\t\t\t\t\t\t\t\t\t<\/span>\n\t\t\t\t\t\t\t\t\t\t\t\t\t\t<\/label>\n\n\t\t\t\t\t\t\t\t\t\t\t\t\t\n\t\t\t\t\t\t\t\t\t\t\t\t<\/div>\n\n\t\t\t\t\t\t\t\t\t\t\t\t<div class=\"uo-groups-table-cell uo-groups-table-price\">\n\t\t\t\t\t\t\t\t\t\t\t\t\t<span class=\"woocommerce-Price-amount amount\"><bdi><span class=\"woocommerce-Price-currencySymbol\">&#36;<\/span>150.00<\/bdi><\/span>\t\t\t\t\t\t\t\t\t\t\t\t<\/div>\n\n\t\t\t\t\t\t\t\t\t\t\t<\/div>\n\n\t\t\t\t\t\t\t\t\t\t\t\n\t\t\t\t\t\t\t\t\t\t\t<div class=\"uo-groups-table-row\"\n\t\t\t\t\t\t\t\t\t\t\t\t data-course-id=\"4639\"\n\t\t\t\t\t\t\t\t\t\t\t\t data-product-id=\"5068\">\n\n\t\t\t\t\t\t\t\t\t\t\t\t<div\n\t\t\t\t\t\t\t\t\t\t\t\t\tclass=\"uo-groups-table-cell uo-groups-table-name checkbox-required\">\n\t\t\t\t\t\t\t\t\t\t\t\t\t\n\t\t\t\t\t\t\t\t\t\t\t\t\t\t<label class=\"uo-checkbox\">\n\t\t\t\t\t\t\t\t\t\t\t\t\t\t\t<input type=\"checkbox\" class=\"bb-custom-check\"\n\t\t\t\t\t\t\t\t\t\t\t\t\t\t\t\t   data-price=\"79\"\n\t\t\t\t\t\t\t\t\t\t\t\t\t\t\t\t   name=\"_custom_selected_courses[]\"\n\t\t\t\t\t\t\t\t\t\t\t\t\t\t\t\t   value=\"5068\"\/>\n\t\t\t\t\t\t\t\t\t\t\t\t\t\t\t<div class=\"uo-checkmark\"><\/div>\n\t\t\t\t\t\t\t\t\t\t\t\t\t\t\t<span class=\"uo-label\">\n\t\t\t\t\t\t\t\t\t\t\t\t\t\t\t\t\t\t\tLa econom\u00eda de fichas - Grupo\t\t\t\t\t\t\t\t\t\t\t\t\t\t\t\t\t\t<\/span>\n\t\t\t\t\t\t\t\t\t\t\t\t\t\t<\/label>\n\n\t\t\t\t\t\t\t\t\t\t\t\t\t\n\t\t\t\t\t\t\t\t\t\t\t\t<\/div>\n\n\t\t\t\t\t\t\t\t\t\t\t\t<div class=\"uo-groups-table-cell uo-groups-table-price\">\n\t\t\t\t\t\t\t\t\t\t\t\t\t<span class=\"woocommerce-Price-amount amount\"><bdi><span class=\"woocommerce-Price-currencySymbol\">&#36;<\/span>79.00<\/bdi><\/span>\t\t\t\t\t\t\t\t\t\t\t\t<\/div>\n\n\t\t\t\t\t\t\t\t\t\t\t<\/div>\n\n\t\t\t\t\t\t\t\t\t\t\t\t\t\t\t\t\t\t\t\t<\/div>\n\n\t\t\t\t\t\t\t\t\t\n\t\t\t\t\t\t\t\t<\/div>\n\t\t\t\t\t\t\t<\/div>\n\t\t\t\t\t\t<\/div>\n\t\t\t\t\t<\/div>\n\t\t\t\t<\/div>\n\t\t\t<\/div>\n\n\t\t\t<!-- Total -->\n\t\t\t<div id=\"uo-groups-buy--totals\"\n\t\t\t\t class=\"uo-groups-section uo-groups-buy__totals--has-bulk-discounts\">\n\t\t\t\t<div id=\"uo-groups-buy-courses-total\" class=\"uo-row\">\n\t\t\t\t\t<div class=\"uo-groups-section-content\">\n\t\t\t\t\t\t<div class=\"uo-groups--totals\">\n\t\t\t\t\t\t\t<div class=\"uo-groups-box\">\n\t\t\t\t\t\t\t\t<div class=\"uo-groups-table\">\n\t\t\t\t\t\t\t\t\t<div class=\"uo-groups-table-content\">\n\t\t\t\t\t\t\t\t\t\t<!-- Subtotal -->\n\t\t\t\t\t\t\t\t\t\t<div class=\"uo-groups-table-row uo-groups-table-row--subtotal\">\n\t\t\t\t\t\t\t\t\t\t\t<div class=\"uo-groups-table-cell uo-groups-table-name\">\n\t\t\t\t\t\t\t\t\t\t\t\t<h5>Total del carrito<\/h5><\/div>\n\t\t\t\t\t\t\t\t\t\t<\/div>\n\t\t\t\t\t\t\t\t\t\t\n\t\t\t\t\t\t\t\t\t\t\t<!-- Subtotal -->\n\t\t\t\t\t\t\t\t\t\t\t<div class=\"uo-groups-table-row uo-groups-table-row--subtotal\">\n\t\t\t\t\t\t\t\t\t\t\t\t<div\n\t\t\t\t\t\t\t\t\t\t\t\t\tclass=\"uo-groups-table-cell uo-groups-table-name\">Total parcial<\/div>\n\t\t\t\t\t\t\t\t\t\t\t\t<div class=\"uo-groups-table-cell uo-groups-table-price\">\n\t\t\t\t\t\t\t\t\t\t\t\t\t<div id=\"uo-groups-buy-course-totals-subtotal\">\n\t\t\t\t\t\t\t\t\t\t\t\t\t\t<span class=\"woocommerce-Price-amount amount\"><bdi><span class=\"woocommerce-Price-currencySymbol\">&#36;<\/span>0.00<\/bdi><\/span>\t\t\t\t\t\t\t\t\t\t\t\t\t<\/div>\n\t\t\t\t\t\t\t\t\t\t\t\t<\/div>\n\t\t\t\t\t\t\t\t\t\t\t<\/div>\n\n\t\t\t\t\t\t\t\t\t\t\n\t\t\t\t\t\t\t\t\t\t\n\t\t\t\t\t\t\t\t\t\t\t<!-- Bulk discount -->\n\t\t\t\t\t\t\t\t\t\t\t<div class=\"uo-groups-table-row uo-groups-table-row--bulk-discount\">\n\t\t\t\t\t\t\t\t\t\t\t\t<div class=\"uo-groups-table-cell uo-groups-table-name\">\n\t\t\t\t\t\t\t\t\t\t\t\t\t<div id=\"uo-groups-buy-course-totals-discount-percentage\"><\/div>\n\t\t\t\t\t\t\t\t\t\t\t\t\tDescuento a granel\t\t\t\t\t\t\t\t\t\t\t\t<\/div>\n\t\t\t\t\t\t\t\t\t\t\t\t<div class=\"uo-groups-table-cell uo-groups-table-price\">\n\t\t\t\t\t\t\t\t\t\t\t\t\t<div id=\"uo-groups-buy-course-totals-discount\">\n\t\t\t\t\t\t\t\t\t\t\t\t\t\t<span class=\"woocommerce-Price-amount amount\"><bdi><span class=\"woocommerce-Price-currencySymbol\">&#36;<\/span>0.00<\/bdi><\/span>\t\t\t\t\t\t\t\t\t\t\t\t\t<\/div>\n\t\t\t\t\t\t\t\t\t\t\t\t<\/div>\n\t\t\t\t\t\t\t\t\t\t\t<\/div>\n\n\t\t\t\t\t\t\t\t\t\t\n\t\t\t\t\t\t\t\t\t\t<!-- Total -->\n\t\t\t\t\t\t\t\t\t\t<div class=\"uo-groups-table-row uo-groups-table-row--total\">\n\t\t\t\t\t\t\t\t\t\t\t<div\n\t\t\t\t\t\t\t\t\t\t\t\tclass=\"uo-groups-table-cell uo-groups-table-name\">Total<\/div>\n\t\t\t\t\t\t\t\t\t\t\t<div class=\"uo-groups-table-cell uo-groups-table-price\">\n\t\t\t\t\t\t\t\t\t\t\t\t<div id=\"uo-groups-buy-course-totals-total\">\n\t\t\t\t\t\t\t\t\t\t\t\t\t<span class=\"woocommerce-Price-amount amount\"><bdi><span class=\"woocommerce-Price-currencySymbol\">&#36;<\/span>0.00<\/bdi><\/span>\t\t\t\t\t\t\t\t\t\t\t\t<\/div>\n\t\t\t\t\t\t\t\t\t\t\t<\/div>\n\t\t\t\t\t\t\t\t\t\t<\/div>\n\n\t\t\t\t\t\t\t\t\t<\/div>\n\t\t\t\t\t\t\t\t<\/div>\n\n\t\t\t\t\t\t\t\t\t\t\t\t\t\t\t<\/div>\n\t\t\t\t\t\t<\/div>\n\t\t\t\t\t<\/div>\n\t\t\t\t<\/div>\n\t\t\t<\/div>\n\n\t\t\t<!-- Maybe change this class? -->\n\t\t\t<div id=\"uo-groups-buy-course-error-notice\" class=\"uo_groups_error\"><\/div>\n\n\t\t\n\t\t<!-- Add to cart -->\n\t\t<div id=\"uo-groups-buy--add-to-cart\" class=\"uo-groups-section\">\n\t\t\t<div class=\"uo-row\">\n\n\t\t\t\t\n\t\t\t\t\t<button type=\"submit\" id=\"submit\"\n\t\t\t\t\t\t\tclass=\"uo-btn\">A\u00f1adir al carrito<\/button>\n\n\t\t\t\t\n\t\t\t<\/div>\n\t\t<\/div>\n\n\t<input type=\"hidden\" name=\"trp-form-language\" value=\"es\"\/><\/form>\n<\/div>\n\t\t\t\t\t\t<\/div>\n\t\t\t\t<\/div>\n\t\t\t\t\t<\/div>\n\t\t<\/div>\n\t\t\t\t\t<\/div>\n\t\t<\/section>\n\t\t\t\t<\/div>","protected":false},"excerpt":{"rendered":"<p>Bienvenido a Ventas para grupos.*Utilice este flujo de trabajo para adquirir plazas en cursos para su personal desde su propia cuenta. Instrucciones: Introduzca un nombre de grupo. A\u00f1ada el n\u00famero de plazas. Seleccione los cursos. Haga clic en \u201cA\u00f1adir al carrito\u201d. Proceda al pago. Notas adicionales: Si realiza una compra para un grupo, usted ser\u00e1 el l\u00edder del grupo por defecto. Los l\u00edderes de grupo no se a\u00f1aden [\u2026]<\/p>","protected":false},"author":1,"featured_media":0,"parent":0,"menu_order":0,"comment_status":"closed","ping_status":"closed","template":"","meta":{"_acf_changed":false,"_seopress_robots_primary_cat":"","_seopress_titles_title":"","_seopress_titles_desc":"","_seopress_robots_index":"","site-sidebar-layout":"no-sidebar","site-content-layout":"page-builder","ast-site-content-layout":"default","site-content-style":"default","site-sidebar-style":"default","ast-global-header-display":"","ast-banner-title-visibility":"","ast-main-header-display":"","ast-hfb-above-header-display":"","ast-hfb-below-header-display":"","ast-hfb-mobile-header-display":"","site-post-title":"disabled","ast-breadcrumbs-content":"","ast-featured-img":"disabled","footer-sml-layout":"","ast-disable-related-posts":"","theme-transparent-header-meta":"disabled","adv-header-id-meta":"","stick-header-meta":"default","header-above-stick-meta":"","header-main-stick-meta":"","header-below-stick-meta":"","astra-migrate-meta-layouts":"default","ast-page-background-enabled":"default","ast-page-background-meta":{"desktop":{"background-color":"","background-image":"","background-repeat":"repeat","background-position":"center center","background-size":"auto","background-attachment":"scroll","background-type":"","background-media":"","overlay-type":"","overlay-color":"","overlay-opacity":"","overlay-gradient":""},"tablet":{"background-color":"","background-image":"","background-repeat":"repeat","background-position":"center center","background-size":"auto","background-attachment":"scroll","background-type":"","background-media":"","overlay-type":"","overlay-color":"","overlay-opacity":"","overlay-gradient":""},"mobile":{"background-color":"","background-image":"","background-repeat":"repeat","background-position":"center center","background-size":"auto","background-attachment":"scroll","background-type":"","background-media":"","overlay-type":"","overlay-color":"","overlay-opacity":"","overlay-gradient":""}},"ast-content-background-meta":{"desktop":{"background-color":"var(--ast-global-color-5)","background-image":"","background-repeat":"repeat","background-position":"center center","background-size":"auto","background-attachment":"scroll","background-type":"","background-media":"","overlay-type":"","overlay-color":"","overlay-opacity":"","overlay-gradient":""},"tablet":{"background-color":"var(--ast-global-color-5)","background-image":"","background-repeat":"repeat","background-position":"center center","background-size":"auto","background-attachment":"scroll","background-type":"","background-media":"","overlay-type":"","overlay-color":"","overlay-opacity":"","overlay-gradient":""},"mobile":{"background-color":"var(--ast-global-color-5)","background-image":"","background-repeat":"repeat","background-position":"center center","background-size":"auto","background-attachment":"scroll","background-type":"","background-media":"","overlay-type":"","overlay-color":"","overlay-opacity":"","overlay-gradient":""}},"footnotes":""},"class_list":["post-178","page","type-page","status-publish","hentry"],"acf":[],"_links":{"self":[{"href":"https:\/\/robertschrammconsulting.com\/es\/wp-json\/wp\/v2\/pages\/178","targetHints":{"allow":["GET"]}}],"collection":[{"href":"https:\/\/robertschrammconsulting.com\/es\/wp-json\/wp\/v2\/pages"}],"about":[{"href":"https:\/\/robertschrammconsulting.com\/es\/wp-json\/wp\/v2\/types\/page"}],"author":[{"embeddable":true,"href":"https:\/\/robertschrammconsulting.com\/es\/wp-json\/wp\/v2\/users\/1"}],"replies":[{"embeddable":true,"href":"https:\/\/robertschrammconsulting.com\/es\/wp-json\/wp\/v2\/comments?post=178"}],"version-history":[{"count":3,"href":"https:\/\/robertschrammconsulting.com\/es\/wp-json\/wp\/v2\/pages\/178\/revisions"}],"predecessor-version":[{"id":5096,"href":"https:\/\/robertschrammconsulting.com\/es\/wp-json\/wp\/v2\/pages\/178\/revisions\/5096"}],"wp:attachment":[{"href":"https:\/\/robertschrammconsulting.com\/es\/wp-json\/wp\/v2\/media?parent=178"}],"curies":[{"name":"wp","href":"https:\/\/api.w.org\/{rel}","templated":true}]}}